{"id":11,"date":"2021-10-30T15:17:30","date_gmt":"2021-10-30T18:17:30","guid":{"rendered":"https:\/\/valentinibianco.pt\/?page_id=11"},"modified":"2023-04-05T15:24:42","modified_gmt":"2023-04-05T14:24:42","slug":"sobre-nos","status":"publish","type":"page","link":"https:\/\/valentinibianco.pt\/en\/sobre-nos\/","title":{"rendered":"About Us"},"content":{"rendered":"<p>Pereira &amp; Freitas, LDA. was created in 1974 in Guimar\u00e3es, north of Portugal, with the main activity of producing terry towels. Our products are produced exclusively with the best pure cotton yarn, which gives the products a long durability and a soft and absorbent touch. The most demanding customers appreciate it.<br><br>After a cycle of two generations and current know-how, our annual production reaches millions of bath towels. Pereira &amp; Freitas, Lda has its own brand \u2013 Valentini Bianco and a license to produce and sell bath towels under the Pierre Cardin brand. In addition, we also produce other customers' brands in various items, according to the needs of each customer.<\/p>\n\n\n\n<p>Year after year, our company has been growing and it is estimated that it will continue to grow year after year.<\/p>\n\n\n\n<figure class=\"wp-block-image size-large is-resized\"><img decoding=\"async\" loading=\"lazy\" src=\"https:\/\/valentinibianco.pt\/wp-content\/uploads\/2023\/01\/IMG_8804_edit-1024x683.jpg\" alt=\"\" class=\"wp-image-656\" width=\"768\" height=\"512\" srcset=\"https:\/\/valentinibianco.pt\/wp-content\/uploads\/2023\/01\/IMG_8804_edit-1024x683.jpg 1024w, https:\/\/valentinibianco.pt\/wp-content\/uploads\/2023\/01\/IMG_8804_edit-300x200.jpg 300w, https:\/\/valentinibianco.pt\/wp-content\/uploads\/2023\/01\/IMG_8804_edit-768x512.jpg 768w, https:\/\/valentinibianco.pt\/wp-content\/uploads\/2023\/01\/IMG_8804_edit-416x277.jpg 416w, https:\/\/valentinibianco.pt\/wp-content\/uploads\/2023\/01\/IMG_8804_edit-64x43.jpg 64w, https:\/\/valentinibianco.pt\/wp-content\/uploads\/2023\/01\/IMG_8804_edit.jpg 1200w\" sizes=\"(max-width: 768px) 100vw, 768px\" \/><\/figure>\n\n\n\n<div style=\"height:50px\" aria-hidden=\"true\" class=\"wp-block-spacer\"><\/div>\n\n\n\n<h2 class=\"wp-block-heading\">Our brands<\/h2>\n\n\n\n<figure class=\"wp-block-image size-full\"><img decoding=\"async\" loading=\"lazy\" width=\"300\" height=\"101\" src=\"https:\/\/valentinibianco.pt\/wp-content\/uploads\/2023\/01\/Slide_Certificacoes_VB.png\" alt=\"\" class=\"wp-image-773\" srcset=\"https:\/\/valentinibianco.pt\/wp-content\/uploads\/2023\/01\/Slide_Certificacoes_VB.png 300w, https:\/\/valentinibianco.pt\/wp-content\/uploads\/2023\/01\/Slide_Certificacoes_VB-18x6.png 18w, https:\/\/valentinibianco.pt\/wp-content\/uploads\/2023\/01\/Slide_Certificacoes_VB-64x22.png 64w\" sizes=\"(max-width: 300px) 100vw, 300px\" \/><\/figure>\n\n\n\n<div style=\"height:30px\" aria-hidden=\"true\" class=\"wp-block-spacer\"><\/div>\n\n\n\n<figure class=\"wp-block-image size-full\"><img decoding=\"async\" loading=\"lazy\" width=\"300\" height=\"101\" src=\"https:\/\/valentinibianco.pt\/wp-content\/uploads\/2023\/01\/Slide_Certificacoes_PC.png\" alt=\"\" class=\"wp-image-774\" srcset=\"https:\/\/valentinibianco.pt\/wp-content\/uploads\/2023\/01\/Slide_Certificacoes_PC.png 300w, https:\/\/valentinibianco.pt\/wp-content\/uploads\/2023\/01\/Slide_Certificacoes_PC-18x6.png 18w, https:\/\/valentinibianco.pt\/wp-content\/uploads\/2023\/01\/Slide_Certificacoes_PC-64x22.png 64w\" sizes=\"(max-width: 300px) 100vw, 300px\" \/><\/figure>","protected":false},"excerpt":{"rendered":"<p>Pereira &amp; Freitas, LDA. foi criada em 1974 em Guimar\u00e3es, norte de Portugal, tendo como atividade principal a produ\u00e7\u00e3o de toalhas de felpo. Os nossos produtos s\u00e3o produzidos, exclusivamente, com o melhor puro fio de algod\u00e3o, que concede uma longa durabilidade dos produtos e um toque suave e absorvente. Os clientes mais exigentes apreciam. Depois [&hellip;]<\/p>","protected":false},"author":1,"featured_media":640,"parent":0,"menu_order":0,"comment_status":"closed","ping_status":"closed","template":"","meta":[],"_links":{"self":[{"href":"https:\/\/valentinibianco.pt\/en\/wp-json\/wp\/v2\/pages\/11"}],"collection":[{"href":"https:\/\/valentinibianco.pt\/en\/wp-json\/wp\/v2\/pages"}],"about":[{"href":"https:\/\/valentinibianco.pt\/en\/wp-json\/wp\/v2\/types\/page"}],"author":[{"embeddable":true,"href":"https:\/\/valentinibianco.pt\/en\/wp-json\/wp\/v2\/users\/1"}],"replies":[{"embeddable":true,"href":"https:\/\/valentinibianco.pt\/en\/wp-json\/wp\/v2\/comments?post=11"}],"version-history":[{"count":11,"href":"https:\/\/valentinibianco.pt\/en\/wp-json\/wp\/v2\/pages\/11\/revisions"}],"predecessor-version":[{"id":827,"href":"https:\/\/valentinibianco.pt\/en\/wp-json\/wp\/v2\/pages\/11\/revisions\/827"}],"wp:featuredmedia":[{"embeddable":true,"href":"https:\/\/valentinibianco.pt\/en\/wp-json\/wp\/v2\/media\/640"}],"wp:attachment":[{"href":"https:\/\/valentinibianco.pt\/en\/wp-json\/wp\/v2\/media?parent=11"}],"curies":[{"name":"wp","href":"https:\/\/api.w.org\/{rel}","templated":true}]}}