{"id":18,"date":"2021-10-30T15:21:09","date_gmt":"2021-10-30T18:21:09","guid":{"rendered":"https:\/\/valentinibianco.pt\/?page_id=18"},"modified":"2024-01-26T10:27:54","modified_gmt":"2024-01-26T10:27:54","slug":"contactos","status":"publish","type":"page","link":"https:\/\/valentinibianco.pt\/en\/contactos\/","title":{"rendered":"Contacts"},"content":{"rendered":"<div class=\"wp-block-columns is-layout-flex wp-container-3\">\n<div class=\"wp-block-column is-layout-flow\">\n<p>Leave us a message and we will contact you as soon as possible.<\/p>\n\n\n<div role=\"form\" class=\"wpcf7\" id=\"wpcf7-f68-o1\" lang=\"pt-PT\" dir=\"ltr\">\n<div class=\"screen-reader-response\"><p role=\"status\" aria-live=\"polite\" aria-atomic=\"true\"><\/p> <ul><\/ul><\/div>\n<form action=\"\/en\/wp-json\/wp\/v2\/pages\/18#wpcf7-f68-o1\" method=\"post\" class=\"wpcf7-form init\" novalidate=\"novalidate\" data-status=\"init\" data-trp-original-action=\"\/en\/wp-json\/wp\/v2\/pages\/18#wpcf7-f68-o1\">\n<div style=\"display: none;\">\n<input type=\"hidden\" name=\"_wpcf7\" value=\"68\" \/>\n<input type=\"hidden\" name=\"_wpcf7_version\" value=\"5.5.6\" \/>\n<input type=\"hidden\" name=\"_wpcf7_locale\" value=\"pt_PT\" \/>\n<input type=\"hidden\" name=\"_wpcf7_unit_tag\" value=\"wpcf7-f68-o1\" \/>\n<input type=\"hidden\" name=\"_wpcf7_container_post\" value=\"0\" \/>\n<input type=\"hidden\" name=\"_wpcf7_posted_data_hash\" value=\"\" \/>\n<input type=\"hidden\" name=\"_wpcf7_recaptcha_response\" value=\"\" \/>\n<\/div>\n<p><label> Assunto<br \/>\n    <span class=\"wpcf7-form-control-wrap your-subject\"><input type=\"text\" name=\"your-subject\" value=\"\" size=\"60\" class=\"wpcf7-form-control wpcf7-text wpcf7-validates-as-required\" aria-required=\"true\" aria-invalid=\"false\" \/><\/span> <\/label><\/p>\n<p><label> Name<br \/>\n    <span class=\"wpcf7-form-control-wrap your-name\"><input type=\"text\" name=\"your-name\" value=\"\" size=\"60\" class=\"wpcf7-form-control wpcf7-text wpcf7-validates-as-required\" aria-required=\"true\" aria-invalid=\"false\" \/><\/span> <\/label><\/p>\n<p><label> E-mail<br \/>\n    <span class=\"wpcf7-form-control-wrap your-email\"><input type=\"email\" name=\"your-email\" value=\"\" size=\"60\" class=\"wpcf7-form-control wpcf7-text wpcf7-email wpcf7-validates-as-required wpcf7-validates-as-email\" aria-required=\"true\" aria-invalid=\"false\" \/><\/span> <\/label><\/p>\n<p><label> Message<br \/>\n    <span class=\"wpcf7-form-control-wrap your-message\"><textarea name=\"your-message\" cols=\"40\" rows=\"10\" class=\"wpcf7-form-control wpcf7-textarea wpcf7-validates-as-required\" aria-required=\"true\" aria-invalid=\"false\"><\/textarea><\/span> <\/label><\/p>\n<span class=\"wpcf7-form-control-wrap recaptcha\" data-name=\"recaptcha\"><span data-sitekey=\"6LduQ2IpAAAAAKshmYt_BzhdhqUaIQF-clkfBLox\" class=\"wpcf7-form-control g-recaptcha wpcf7-recaptcha\"><\/span>\r\n<noscript>\r\n\t<div class=\"grecaptcha-noscript\">\r\n\t\t<iframe src=\"https:\/\/www.google.com\/recaptcha\/api\/fallback?k=6LduQ2IpAAAAAKshmYt_BzhdhqUaIQF-clkfBLox\" frameborder=\"0\" scrolling=\"no\" width=\"310\" height=\"430\">\r\n\t\t<\/iframe>\r\n\t\t<textarea name=\"g-recaptcha-response\" rows=\"3\" cols=\"40\" placeholder=\"reCaptcha Response Here\">\r\n\t\t<\/textarea>\r\n\t<\/div>\r\n<\/noscript>\r\n<\/span>\n<p><br><br \/>\n<input type=\"submit\" value=\"Send\" class=\"wpcf7-form-control has-spinner wpcf7-submit\" \/><\/p>\n<div class=\"wpcf7-response-output\" aria-hidden=\"true\"><\/div><input type=\"hidden\" name=\"trp-form-language\" value=\"en\"\/><\/form><\/div>\n<\/div>\n\n\n\n<div class=\"wp-block-column is-layout-flow\">\n<figure class=\"wp-block-image size-full img-contact\"><img decoding=\"async\" loading=\"lazy\" width=\"508\" height=\"642\" src=\"https:\/\/valentinibianco.pt\/wp-content\/uploads\/2023\/01\/Frame-74.png\" alt=\"\" class=\"wp-image-765\" srcset=\"https:\/\/valentinibianco.pt\/wp-content\/uploads\/2023\/01\/Frame-74.png 508w, https:\/\/valentinibianco.pt\/wp-content\/uploads\/2023\/01\/Frame-74-237x300.png 237w, https:\/\/valentinibianco.pt\/wp-content\/uploads\/2023\/01\/Frame-74-9x12.png 9w, https:\/\/valentinibianco.pt\/wp-content\/uploads\/2023\/01\/Frame-74-416x526.png 416w, https:\/\/valentinibianco.pt\/wp-content\/uploads\/2023\/01\/Frame-74-64x81.png 64w\" sizes=\"(max-width: 508px) 100vw, 508px\" \/><\/figure>\n<\/div>\n<\/div>\n\n\n\n<hr class=\"wp-block-separator has-css-opacity is-style-wide\"\/>\n\n\n\n<div class=\"wp-block-columns is-layout-flex wp-container-15\">\n<div class=\"wp-block-column is-layout-flow\" style=\"flex-basis:300px\">\n<h2 class=\"wp-block-heading info-contato\">Contact information<\/h2>\n\n\n\n<div class=\"wp-block-columns coluna-sem-gap is-layout-flex wp-container-6\">\n<div class=\"wp-block-column is-layout-flow\" style=\"flex-basis:33.33px\">\n<figure class=\"wp-block-image size-full\"><img decoding=\"async\" loading=\"lazy\" width=\"14\" height=\"15\" src=\"https:\/\/valentinibianco.pt\/wp-content\/uploads\/2023\/01\/Vector-1.png\" alt=\"\" class=\"wp-image-681\" srcset=\"https:\/\/valentinibianco.pt\/wp-content\/uploads\/2023\/01\/Vector-1.png 14w, https:\/\/valentinibianco.pt\/wp-content\/uploads\/2023\/01\/Vector-1-11x12.png 11w\" sizes=\"(max-width: 14px) 100vw, 14px\" \/><\/figure>\n<\/div>\n\n\n\n<div class=\"wp-block-column is-layout-flow\" style=\"flex-basis:99%\">\n<p>N105 2139<br>4835-164 Guimar\u00e3es<\/p>\n<\/div>\n<\/div>\n\n\n\n<div class=\"wp-block-columns coluna-sem-gap is-layout-flex wp-container-9\">\n<div class=\"wp-block-column is-layout-flow\" style=\"flex-basis:33.33px\">\n<figure class=\"wp-block-image size-full\"><img decoding=\"async\" loading=\"lazy\" width=\"14\" height=\"14\" src=\"https:\/\/valentinibianco.pt\/wp-content\/uploads\/2023\/01\/Vector-2.png\" alt=\"\" class=\"wp-image-682\" srcset=\"https:\/\/valentinibianco.pt\/wp-content\/uploads\/2023\/01\/Vector-2.png 14w, https:\/\/valentinibianco.pt\/wp-content\/uploads\/2023\/01\/Vector-2-12x12.png 12w\" sizes=\"(max-width: 14px) 100vw, 14px\" \/><\/figure>\n<\/div>\n\n\n\n<div class=\"wp-block-column is-layout-flow\" style=\"flex-basis:99%\">\n<p>253 524 900<br>(Call to national fixed network)<\/p>\n<\/div>\n<\/div>\n\n\n\n<div class=\"wp-block-columns coluna-sem-gap is-layout-flex wp-container-12\">\n<div class=\"wp-block-column is-layout-flow\" style=\"flex-basis:33.33px\">\n<figure class=\"wp-block-image size-full\"><img decoding=\"async\" loading=\"lazy\" width=\"16\" height=\"14\" src=\"https:\/\/valentinibianco.pt\/wp-content\/uploads\/2023\/01\/Vector-3.png\" alt=\"\" class=\"wp-image-683\" srcset=\"https:\/\/valentinibianco.pt\/wp-content\/uploads\/2023\/01\/Vector-3.png 16w, https:\/\/valentinibianco.pt\/wp-content\/uploads\/2023\/01\/Vector-3-14x12.png 14w\" sizes=\"(max-width: 16px) 100vw, 16px\" \/><\/figure>\n<\/div>\n\n\n\n<div class=\"wp-block-column is-layout-flow\" style=\"flex-basis:99%\">\n<p>geral@valentinibianco.pt<\/p>\n<\/div>\n<\/div>\n<\/div>\n\n\n\n<div class=\"wp-block-column is-layout-flow\">\n<div style=\"text-align: right\">\n<iframe src=\"https:\/\/www.google.com\/maps\/embed?pb=!1m18!1m12!1m3!1d1057.9016502996644!2d-8.314391915269551!3d41.41322638638562!2m3!1f0!2f0!3f0!3m2!1i1024!2i768!4f13.1!3m3!1m2!1s0xd24ee2bbd374dbd%3A0xd75ac67898f8bcfe!2sValentini%20Bianco!5e0!3m2!1sen!2spt!4v1680772794336!5m2!1sen!2spt\" width=\"600\" height=\"450\" style=\"border:0;\" allowfullscreen=\"\" loading=\"lazy\" referrerpolicy=\"no-referrer-when-downgrade\"><\/iframe>\n<\/div>\n<\/div>\n<\/div>","protected":false},"excerpt":{"rendered":"<p>Deixe-nos uma mensagem e entraremos em contacto assim que poss\u00edvel Informa\u00e7\u00f5es de contacto N105 21394835-164 Guimar\u00e3es 253 524 900(Chamada para a rede fixa nacional) geral@valentinibianco.pt<\/p>","protected":false},"author":1,"featured_media":0,"parent":0,"menu_order":0,"comment_status":"closed","ping_status":"closed","template":"","meta":[],"_links":{"self":[{"href":"https:\/\/valentinibianco.pt\/en\/wp-json\/wp\/v2\/pages\/18"}],"collection":[{"href":"https:\/\/valentinibianco.pt\/en\/wp-json\/wp\/v2\/pages"}],"about":[{"href":"https:\/\/valentinibianco.pt\/en\/wp-json\/wp\/v2\/types\/page"}],"author":[{"embeddable":true,"href":"https:\/\/valentinibianco.pt\/en\/wp-json\/wp\/v2\/users\/1"}],"replies":[{"embeddable":true,"href":"https:\/\/valentinibianco.pt\/en\/wp-json\/wp\/v2\/comments?post=18"}],"version-history":[{"count":54,"href":"https:\/\/valentinibianco.pt\/en\/wp-json\/wp\/v2\/pages\/18\/revisions"}],"predecessor-version":[{"id":859,"href":"https:\/\/valentinibianco.pt\/en\/wp-json\/wp\/v2\/pages\/18\/revisions\/859"}],"wp:attachment":[{"href":"https:\/\/valentinibianco.pt\/en\/wp-json\/wp\/v2\/media?parent=18"}],"curies":[{"name":"wp","href":"https:\/\/api.w.org\/{rel}","templated":true}]}}